{"id":31963,"date":"2024-12-04T15:02:41","date_gmt":"2024-12-04T14:02:41","guid":{"rendered":"https:\/\/breuell-hilgenfeldt.de\/axial-fan-mounting-fan-sleeve-for-secure-installation-with-vibration-damping\/"},"modified":"2025-01-31T09:38:34","modified_gmt":"2025-01-31T08:38:34","slug":"axial-fan-mounting-fan-sleeve-for-secure-installation-with-vibration-damping","status":"publish","type":"product","link":"https:\/\/breuell-hilgenfeldt.de\/en\/axial-fan-mounting-fan-sleeve-for-secure-installation-with-vibration-damping\/","title":{"rendered":"Axial fan mounting\/fan sleeve for secure installation with vibration damping"},"content":{"rendered":"\t\t\t<link rel=\"stylesheet\" id=\"elementor-post-29541-css\" href=\"https:\/\/breuell-hilgenfeldt.de\/wp-content\/uploads\/elementor\/css\/post-29541.css?ver=1776142635\" type=\"text\/css\" media=\"all\">\n\t\t\t\t\t<div data-elementor-type=\"wp-post\" data-elementor-id=\"29541\" class=\"elementor elementor-29541\" data-elementor-post-type=\"cms_block\">\n\t\t\t\t<div class=\"elementor-element elementor-element-3e42ba9 e-con-full e-flex e-con e-child\" data-id=\"3e42ba9\" data-element_type=\"container\" data-e-type=\"container\" data-settings=\"{&quot;background_background&quot;:&quot;classic&quot;}\">\n\t\t\t\t<div class=\"elementor-element elementor-element-e3b47a6 elementor-widget__width-inherit elementor-widget elementor-widget-wd_table\" data-id=\"e3b47a6\" data-element_type=\"widget\" data-e-type=\"widget\" data-widget_type=\"wd_table.default\">\n\t\t\t\t<div class=\"elementor-widget-container\">\n\t\t\t\t\t\t\t<div class=\"wd-el-table-wrap wd-reset-all-last\">\n\t\t\t<table class=\"wd-el-table\">\n\t\t\t\t\t\t\t\t\t<thead class=\"text-left\">\n\t\t\t\t\t\t\t\t\t\t\t\t\t\t\t\t\t\t\t\t\t\t\t\t\t\t\t\t\t\t<tr class=\"wd-table-row elementor-repeater-item-e5b7aed\">\n\t\t\t\t\t\t\t\t\t\t\t\t\t\t\t\t\t\t\t\t\t\t\t\t\t\t\t\t\t\t\t\t\t\t\t\t<th class=\"wd-table-cell elementor-repeater-item-3e98178\" colspan=\"1\" rowspan=\"1\">\n\t\t\t\t\t\t\t\t\t<p>ArtikelNr.<\/p>\t\t\t\t\t\t\t\t<\/th>\n\t\t\t\t\t\t\t\t\t\t\t\t\t\t\t\t\t\t\t\t\t\t\t\t\t\t\t\t<th class=\"wd-table-cell elementor-repeater-item-a6b652f\" colspan=\"1\" rowspan=\"1\">\n\t\t\t\t\t\t\t\t\t<p style=\"text-align: left\">L\u00fcfterbaugr\u00f6\u00dfe<\/p>\t\t\t\t\t\t\t\t<\/th>\n\t\t\t\t\t\t\t\t\t\t\t\t\t\t\t\t\t\t\t<\/tr>\n\t\t\t\t\t<\/thead>\n\t\t\t\t\n\t\t\t\t<tbody class=\"text-left\">\n\t\t\t\t\t\t\t\t\t\t\t\t\t\t\t\t\t\t\t\t\t\t\t\t\t\t<tr class=\"wd-table-row elementor-repeater-item-7353322\">\n\t\t\t\t\t\t\t\t\t\t\t\t\t\t\t\t\t\t\t\t\t\t\t\t\t\t\t\t\t\t\t\n\t\t\t\t\t\t\t<th class=\"wd-table-cell elementor-repeater-item-1731b9f\" colspan=\"1\" rowspan=\"1\">\n\t\t\t\t\t\t\t\t<p>62047<\/p>\t\t\t\t\t\t\t<\/th>\n\t\t\t\t\t\t\t\t\t\t\t\t\t\t\t\t\t\t\t\t\t\t\t\t\n\t\t\t\t\t\t\t<td class=\"wd-table-cell elementor-repeater-item-f90d553\" colspan=\"1\" rowspan=\"1\">\n\t\t\t\t\t\t\t\t<p>119 mm<\/p>\t\t\t\t\t\t\t<\/td>\n\t\t\t\t\t\t\t\t\t\t\t\t\t\t\t\t\t\t\t\t\t\t\t\t\t\t\t\t\t\t\t\t<\/tr>\n\t\t\t\t\t\t\t\t<tr class=\"wd-table-row elementor-repeater-item-3e71622\">\n\t\t\t\t\t\t\t\t\t\t\t\t\t\t\t\t\t\t\t\t\t\t\t\t\t\t\t\t\t\t\t\n\t\t\t\t\t\t\t<th class=\"wd-table-cell elementor-repeater-item-fd9e733\" colspan=\"1\" rowspan=\"1\">\n\t\t\t\t\t\t\t\t<p>62048<\/p>\t\t\t\t\t\t\t<\/th>\n\t\t\t\t\t\t\t\t\t\t\t\t\t\t\t\t\t\t\t\t\t\t\t\t\n\t\t\t\t\t\t\t<td class=\"wd-table-cell elementor-repeater-item-73c5d16\" colspan=\"1\" rowspan=\"1\">\n\t\t\t\t\t\t\t\t<p>92 mm<\/p>\t\t\t\t\t\t\t<\/td>\n\t\t\t\t\t\t\t\t\t\t\t\t\t\t\t\t<\/tr>\n\t\t\t\t<\/tbody>\n\t\t\t<\/table>\n\t\t<\/div>\n\t\t\t\t\t\t<\/div>\n\t\t\t\t<\/div>\n\t\t\t\t<div class=\"elementor-element elementor-element-f2615fb elementor-widget-divider--view-line elementor-widget elementor-widget-divider\" data-id=\"f2615fb\" data-element_type=\"widget\" data-e-type=\"widget\" data-widget_type=\"divider.default\">\n\t\t\t\t<div class=\"elementor-widget-container\">\n\t\t\t\t\t\t\t<div class=\"elementor-divider\">\n\t\t\t<span class=\"elementor-divider-separator\">\n\t\t\t\t\t\t<\/span>\n\t\t<\/div>\n\t\t\t\t\t\t<\/div>\n\t\t\t\t<\/div>\n\t\t\t\t<\/div>\n\t\t\t\t<\/div>\n\t\t\n","protected":false},"excerpt":{"rendered":"<p>The axial fan mounting or fan sleeve is used to mount the axial fan securely and stably. It consists of a robust, vibration-damping material that holds the fan in place and minimizes vibrations. This prevents the transmission of vibrations to the surrounding housing or neighboring structures. At the same time, the mounting enables precise alignment of the fan, maximizing airflow efficiency and reducing operating noise. The mounting ensures that the fan remains securely and reliably in place even during prolonged operation, which is particularly important in industrial or technical environments.    <\/p>\n","protected":false},"featured_media":28865,"template":"","meta":{"content-type":""},"product_brand":[],"product_cat":[736,737],"product_tag":[],"class_list":{"0":"post-31963","1":"product","2":"type-product","3":"status-publish","4":"has-post-thumbnail","6":"product_cat-accessories","7":"product_cat-mounting-accessories","9":"first","10":"instock","11":"shipping-taxable","12":"product-type-simple"},"yoast_head":"<!-- This site is optimized with the Yoast SEO plugin v27.3 - https:\/\/yoast.com\/product\/yoast-seo-wordpress\/ -->\n<title>Fan sleeve | B&amp;H<\/title>\n<meta name=\"description\" content=\"Secure installation for axial fans: fan sleeve with vibration damping for a stable hold and maximum efficiency. Now available from B&amp;H!\" \/>\n<meta name=\"robots\" content=\"noindex, follow\" \/>\n<meta property=\"og:locale\" content=\"en_US\" \/>\n<meta property=\"og:type\" content=\"article\" \/>\n<meta property=\"og:title\" content=\"Fan sleeve | B&amp;H\" \/>\n<meta property=\"og:description\" content=\"Secure installation for axial fans: fan sleeve with vibration damping for a stable hold and maximum efficiency. Now available from B&amp;H!\" \/>\n<meta property=\"og:url\" content=\"https:\/\/breuell-hilgenfeldt.de\/en\/axial-fan-mounting-fan-sleeve-for-secure-installation-with-vibration-damping\/\" \/>\n<meta property=\"og:site_name\" content=\"Breuell &amp; Hilgenfeldt GmbH\" \/>\n<meta property=\"article:modified_time\" content=\"2025-01-31T08:38:34+00:00\" \/>\n<meta property=\"og:image\" content=\"https:\/\/breuell-hilgenfeldt.de\/wp-content\/uploads\/2024\/05\/Axialluefterbefestigung_Lueftermanschette.jpg\" \/>\n\t<meta property=\"og:image:width\" content=\"700\" \/>\n\t<meta property=\"og:image:height\" content=\"472\" \/>\n\t<meta property=\"og:image:type\" content=\"image\/jpeg\" \/>\n<meta name=\"twitter:card\" content=\"summary_large_image\" \/>\n<script type=\"application\/ld+json\" class=\"yoast-schema-graph\">{\"@context\":\"https:\\\/\\\/schema.org\",\"@graph\":[{\"@type\":\"WebPage\",\"@id\":\"https:\\\/\\\/breuell-hilgenfeldt.de\\\/en\\\/axial-fan-mounting-fan-sleeve-for-secure-installation-with-vibration-damping\\\/\",\"url\":\"https:\\\/\\\/breuell-hilgenfeldt.de\\\/en\\\/axial-fan-mounting-fan-sleeve-for-secure-installation-with-vibration-damping\\\/\",\"name\":\"Fan sleeve | B&H\",\"isPartOf\":{\"@id\":\"https:\\\/\\\/breuell-hilgenfeldt.de\\\/en\\\/#website\"},\"primaryImageOfPage\":{\"@id\":\"https:\\\/\\\/breuell-hilgenfeldt.de\\\/en\\\/axial-fan-mounting-fan-sleeve-for-secure-installation-with-vibration-damping\\\/#primaryimage\"},\"image\":{\"@id\":\"https:\\\/\\\/breuell-hilgenfeldt.de\\\/en\\\/axial-fan-mounting-fan-sleeve-for-secure-installation-with-vibration-damping\\\/#primaryimage\"},\"thumbnailUrl\":\"https:\\\/\\\/breuell-hilgenfeldt.de\\\/wp-content\\\/uploads\\\/2024\\\/05\\\/Axialluefterbefestigung_Lueftermanschette.jpg\",\"datePublished\":\"2024-12-04T14:02:41+00:00\",\"dateModified\":\"2025-01-31T08:38:34+00:00\",\"description\":\"Secure installation for axial fans: fan sleeve with vibration damping for a stable hold and maximum efficiency. Now available from B&H!\",\"breadcrumb\":{\"@id\":\"https:\\\/\\\/breuell-hilgenfeldt.de\\\/en\\\/axial-fan-mounting-fan-sleeve-for-secure-installation-with-vibration-damping\\\/#breadcrumb\"},\"inLanguage\":\"en-US\",\"potentialAction\":[{\"@type\":\"ReadAction\",\"target\":[\"https:\\\/\\\/breuell-hilgenfeldt.de\\\/en\\\/axial-fan-mounting-fan-sleeve-for-secure-installation-with-vibration-damping\\\/\"]}]},{\"@type\":\"ImageObject\",\"inLanguage\":\"en-US\",\"@id\":\"https:\\\/\\\/breuell-hilgenfeldt.de\\\/en\\\/axial-fan-mounting-fan-sleeve-for-secure-installation-with-vibration-damping\\\/#primaryimage\",\"url\":\"https:\\\/\\\/breuell-hilgenfeldt.de\\\/wp-content\\\/uploads\\\/2024\\\/05\\\/Axialluefterbefestigung_Lueftermanschette.jpg\",\"contentUrl\":\"https:\\\/\\\/breuell-hilgenfeldt.de\\\/wp-content\\\/uploads\\\/2024\\\/05\\\/Axialluefterbefestigung_Lueftermanschette.jpg\",\"width\":700,\"height\":472,\"caption\":\"Axial fan mounting Fan sleeve\"},{\"@type\":\"BreadcrumbList\",\"@id\":\"https:\\\/\\\/breuell-hilgenfeldt.de\\\/en\\\/axial-fan-mounting-fan-sleeve-for-secure-installation-with-vibration-damping\\\/#breadcrumb\",\"itemListElement\":[{\"@type\":\"ListItem\",\"position\":1,\"name\":\"Startseite\",\"item\":\"https:\\\/\\\/breuell-hilgenfeldt.de\\\/en\\\/\"},{\"@type\":\"ListItem\",\"position\":2,\"name\":\"Products\",\"item\":\"https:\\\/\\\/breuell-hilgenfeldt.de\\\/en\\\/shop\\\/\"},{\"@type\":\"ListItem\",\"position\":3,\"name\":\"Axial fan mounting\\\/fan sleeve for secure installation with vibration damping\"}]},{\"@type\":\"WebSite\",\"@id\":\"https:\\\/\\\/breuell-hilgenfeldt.de\\\/en\\\/#website\",\"url\":\"https:\\\/\\\/breuell-hilgenfeldt.de\\\/en\\\/\",\"name\":\"Breuell & Hilgenfeldt GmbH\",\"description\":\"\",\"publisher\":{\"@id\":\"https:\\\/\\\/breuell-hilgenfeldt.de\\\/en\\\/#organization\"},\"alternateName\":\"B&H\",\"potentialAction\":[{\"@type\":\"SearchAction\",\"target\":{\"@type\":\"EntryPoint\",\"urlTemplate\":\"https:\\\/\\\/breuell-hilgenfeldt.de\\\/en\\\/?s={search_term_string}\"},\"query-input\":{\"@type\":\"PropertyValueSpecification\",\"valueRequired\":true,\"valueName\":\"search_term_string\"}}],\"inLanguage\":\"en-US\"},{\"@type\":\"Organization\",\"@id\":\"https:\\\/\\\/breuell-hilgenfeldt.de\\\/en\\\/#organization\",\"name\":\"Breuell & Hilgenfeldt GmbH\",\"alternateName\":\"B&H\",\"url\":\"https:\\\/\\\/breuell-hilgenfeldt.de\\\/en\\\/\",\"logo\":{\"@type\":\"ImageObject\",\"inLanguage\":\"en-US\",\"@id\":\"https:\\\/\\\/breuell-hilgenfeldt.de\\\/en\\\/#\\\/schema\\\/logo\\\/image\\\/\",\"url\":\"https:\\\/\\\/breuell-hilgenfeldt.de\\\/wp-content\\\/uploads\\\/2024\\\/02\\\/Logo-kompakt.png\",\"contentUrl\":\"https:\\\/\\\/breuell-hilgenfeldt.de\\\/wp-content\\\/uploads\\\/2024\\\/02\\\/Logo-kompakt.png\",\"width\":696,\"height\":696,\"caption\":\"Breuell & Hilgenfeldt GmbH\"},\"image\":{\"@id\":\"https:\\\/\\\/breuell-hilgenfeldt.de\\\/en\\\/#\\\/schema\\\/logo\\\/image\\\/\"}}]}<\/script>\n<!-- \/ Yoast SEO plugin. -->","yoast_head_json":{"title":"Fan sleeve | B&H","description":"Secure installation for axial fans: fan sleeve with vibration damping for a stable hold and maximum efficiency. Now available from B&H!","robots":{"index":"noindex","follow":"follow"},"og_locale":"en_US","og_type":"article","og_title":"Fan sleeve | B&H","og_description":"Secure installation for axial fans: fan sleeve with vibration damping for a stable hold and maximum efficiency. Now available from B&H!","og_url":"https:\/\/breuell-hilgenfeldt.de\/en\/axial-fan-mounting-fan-sleeve-for-secure-installation-with-vibration-damping\/","og_site_name":"Breuell &amp; Hilgenfeldt GmbH","article_modified_time":"2025-01-31T08:38:34+00:00","og_image":[{"width":700,"height":472,"url":"https:\/\/breuell-hilgenfeldt.de\/wp-content\/uploads\/2024\/05\/Axialluefterbefestigung_Lueftermanschette.jpg","type":"image\/jpeg"}],"twitter_card":"summary_large_image","schema":{"@context":"https:\/\/schema.org","@graph":[{"@type":"WebPage","@id":"https:\/\/breuell-hilgenfeldt.de\/en\/axial-fan-mounting-fan-sleeve-for-secure-installation-with-vibration-damping\/","url":"https:\/\/breuell-hilgenfeldt.de\/en\/axial-fan-mounting-fan-sleeve-for-secure-installation-with-vibration-damping\/","name":"Fan sleeve | B&H","isPartOf":{"@id":"https:\/\/breuell-hilgenfeldt.de\/en\/#website"},"primaryImageOfPage":{"@id":"https:\/\/breuell-hilgenfeldt.de\/en\/axial-fan-mounting-fan-sleeve-for-secure-installation-with-vibration-damping\/#primaryimage"},"image":{"@id":"https:\/\/breuell-hilgenfeldt.de\/en\/axial-fan-mounting-fan-sleeve-for-secure-installation-with-vibration-damping\/#primaryimage"},"thumbnailUrl":"https:\/\/breuell-hilgenfeldt.de\/wp-content\/uploads\/2024\/05\/Axialluefterbefestigung_Lueftermanschette.jpg","datePublished":"2024-12-04T14:02:41+00:00","dateModified":"2025-01-31T08:38:34+00:00","description":"Secure installation for axial fans: fan sleeve with vibration damping for a stable hold and maximum efficiency. Now available from B&H!","breadcrumb":{"@id":"https:\/\/breuell-hilgenfeldt.de\/en\/axial-fan-mounting-fan-sleeve-for-secure-installation-with-vibration-damping\/#breadcrumb"},"inLanguage":"en-US","potentialAction":[{"@type":"ReadAction","target":["https:\/\/breuell-hilgenfeldt.de\/en\/axial-fan-mounting-fan-sleeve-for-secure-installation-with-vibration-damping\/"]}]},{"@type":"ImageObject","inLanguage":"en-US","@id":"https:\/\/breuell-hilgenfeldt.de\/en\/axial-fan-mounting-fan-sleeve-for-secure-installation-with-vibration-damping\/#primaryimage","url":"https:\/\/breuell-hilgenfeldt.de\/wp-content\/uploads\/2024\/05\/Axialluefterbefestigung_Lueftermanschette.jpg","contentUrl":"https:\/\/breuell-hilgenfeldt.de\/wp-content\/uploads\/2024\/05\/Axialluefterbefestigung_Lueftermanschette.jpg","width":700,"height":472,"caption":"Axial fan mounting Fan sleeve"},{"@type":"BreadcrumbList","@id":"https:\/\/breuell-hilgenfeldt.de\/en\/axial-fan-mounting-fan-sleeve-for-secure-installation-with-vibration-damping\/#breadcrumb","itemListElement":[{"@type":"ListItem","position":1,"name":"Startseite","item":"https:\/\/breuell-hilgenfeldt.de\/en\/"},{"@type":"ListItem","position":2,"name":"Products","item":"https:\/\/breuell-hilgenfeldt.de\/en\/shop\/"},{"@type":"ListItem","position":3,"name":"Axial fan mounting\/fan sleeve for secure installation with vibration damping"}]},{"@type":"WebSite","@id":"https:\/\/breuell-hilgenfeldt.de\/en\/#website","url":"https:\/\/breuell-hilgenfeldt.de\/en\/","name":"Breuell & Hilgenfeldt GmbH","description":"","publisher":{"@id":"https:\/\/breuell-hilgenfeldt.de\/en\/#organization"},"alternateName":"B&H","potentialAction":[{"@type":"SearchAction","target":{"@type":"EntryPoint","urlTemplate":"https:\/\/breuell-hilgenfeldt.de\/en\/?s={search_term_string}"},"query-input":{"@type":"PropertyValueSpecification","valueRequired":true,"valueName":"search_term_string"}}],"inLanguage":"en-US"},{"@type":"Organization","@id":"https:\/\/breuell-hilgenfeldt.de\/en\/#organization","name":"Breuell & Hilgenfeldt GmbH","alternateName":"B&H","url":"https:\/\/breuell-hilgenfeldt.de\/en\/","logo":{"@type":"ImageObject","inLanguage":"en-US","@id":"https:\/\/breuell-hilgenfeldt.de\/en\/#\/schema\/logo\/image\/","url":"https:\/\/breuell-hilgenfeldt.de\/wp-content\/uploads\/2024\/02\/Logo-kompakt.png","contentUrl":"https:\/\/breuell-hilgenfeldt.de\/wp-content\/uploads\/2024\/02\/Logo-kompakt.png","width":696,"height":696,"caption":"Breuell & Hilgenfeldt GmbH"},"image":{"@id":"https:\/\/breuell-hilgenfeldt.de\/en\/#\/schema\/logo\/image\/"}}]}},"_links":{"self":[{"href":"https:\/\/breuell-hilgenfeldt.de\/en\/wp-json\/wp\/v2\/product\/31963","targetHints":{"allow":["GET"]}}],"collection":[{"href":"https:\/\/breuell-hilgenfeldt.de\/en\/wp-json\/wp\/v2\/product"}],"about":[{"href":"https:\/\/breuell-hilgenfeldt.de\/en\/wp-json\/wp\/v2\/types\/product"}],"version-history":[{"count":0,"href":"https:\/\/breuell-hilgenfeldt.de\/en\/wp-json\/wp\/v2\/product\/31963\/revisions"}],"wp:featuredmedia":[{"embeddable":true,"href":"https:\/\/breuell-hilgenfeldt.de\/en\/wp-json\/wp\/v2\/media\/28865"}],"wp:attachment":[{"href":"https:\/\/breuell-hilgenfeldt.de\/en\/wp-json\/wp\/v2\/media?parent=31963"}],"wp:term":[{"taxonomy":"product_brand","embeddable":true,"href":"https:\/\/breuell-hilgenfeldt.de\/en\/wp-json\/wp\/v2\/product_brand?post=31963"},{"taxonomy":"product_cat","embeddable":true,"href":"https:\/\/breuell-hilgenfeldt.de\/en\/wp-json\/wp\/v2\/product_cat?post=31963"},{"taxonomy":"product_tag","embeddable":true,"href":"https:\/\/breuell-hilgenfeldt.de\/en\/wp-json\/wp\/v2\/product_tag?post=31963"}],"curies":[{"name":"wp","href":"https:\/\/api.w.org\/{rel}","templated":true}]}}