{"id":26818,"date":"2024-02-28T10:12:59","date_gmt":"2024-02-28T09:12:59","guid":{"rendered":"https:\/\/dev.breuell-hilgenfeldt.de\/tangential-fan\/"},"modified":"2026-03-25T16:22:24","modified_gmt":"2026-03-25T15:22:24","slug":"tangential-fan","status":"publish","type":"product","link":"https:\/\/breuell-hilgenfeldt.de\/en\/tangential-fan\/","title":{"rendered":"ebm-papst tangential fans"},"content":{"rendered":"<p>Tangential fans from ebm-papst consist of a roller that is installed in an elongated housing. The motor can be positioned on the left, right or in the centre. The roller length can be up to 820 mm. The overall result is a flat, elongated design. Thanks to a large intake and discharge cross-section, the tangential fans can achieve a high air flow rate at low flow velocities, as well as a large throw range and, of course, a low noise level.<\/p>\n<p>Typical application examples are in the<\/p>\n<ul>\n<li>Heating technology (fireplaces, underfloor convectors),<\/li>\n<li>Air conditioning technology (ceiling cassette units, humidifiers, air door curtains),<\/li>\n<li>Cooling and refrigeration technology (beverage coolers, freezers),<\/li>\n<li>Telecommunications (electronics cooling),<\/li>\n<li>Medical technology (diagnostic equipment, X-ray equipment, incubators),<\/li>\n<li>Optics\/office technology (lamp cooling, copying machines, printing machines, electronics cooling)<\/li>\n<li>and catering technology (freezers, dish dryers)<\/li>\n<\/ul>\n<p>to find.<\/p>\n","protected":false},"excerpt":{"rendered":"<div class=\"product-highlight-container\">\n<div class=\"product-highlight-box\">\n<div class=\"product-highlight-title\">\n The <strong>tangential fans<\/strong> from ebm-papst are characterised by:\n    <\/div>\n<div class=\"product-highlight-grid\">\n<div class=\"product-highlight-item\">\n<div class=\"product-highlight-dot\">\u25cf<\/div>\n<div class=\"product-highlight-text\">an air flow rate of <strong>18 m\u00b3\/h to 1,400 m\u00b3\/h,<\/strong><\/div>\n<\/p><\/div>\n<div class=\"product-highlight-item\">\n<div class=\"product-highlight-dot\">\u25cf<\/div>\n<div class=\"product-highlight-text\">a back pressure of <strong>8 Pa to 85 Pa,<\/strong><\/div>\n<\/p><\/div>\n<div class=\"product-highlight-item\">\n<div class=\"product-highlight-dot\">\u25cf<\/div>\n<div class=\"product-highlight-text\">a size range of <strong>30 mm to 100 mm (roller diameter),<\/strong><\/div>\n<\/p><\/div>\n<div class=\"product-highlight-item\">\n<div class=\"product-highlight-dot\">\u25cf<\/div>\n<div class=\"product-highlight-text\">a sound power level of <strong>49 dB(A) or higher,<\/strong><\/div>\n<\/p><\/div>\n<div class=\"product-highlight-item\">\n<div class=\"product-highlight-dot\">\u25cf<\/div>\n<div class=\"product-highlight-text\">an operating temperature range of <strong>0 \u00b0C to 60 \u00b0C,<\/strong><\/div>\n<\/p><\/div>\n<div class=\"product-highlight-item\">\n<div class=\"product-highlight-dot\">\u25cf<\/div>\n<div class=\"product-highlight-text\">a rated voltage of <strong>200 V \u2013 240 V or 12 VDC \u2013 24 VDC,<\/strong><\/div>\n<\/p><\/div>\n<div class=\"product-highlight-item\">\n<div class=\"product-highlight-dot\">\u25cf<\/div>\n<div class=\"product-highlight-text\">a frequency of <strong>50 Hz.<\/strong><\/div>\n<\/p><\/div>\n<\/p><\/div>\n<\/p><\/div>\n<div class=\"product-highlight-note\">\n<div class=\"product-highlight-stock\">\n      <span class=\"product-highlight-check\">\u2713<\/span><\/p>\n<div class=\"product-highlight-stock-text\">We have various product variants in stock.<\/div>\n<\/p><\/div>\n<div class=\"product-highlight-info\">\n Please contact us for further technical information or special requirements!\n    <\/div>\n<\/p><\/div>\n<\/div>\n","protected":false},"featured_media":35793,"template":"","meta":{"content-type":""},"product_brand":[],"product_cat":[656],"product_tag":[638],"class_list":{"0":"post-26818","1":"product","2":"type-product","3":"status-publish","4":"has-post-thumbnail","6":"product_cat-uncategorised","7":"product_tag-von-18-m-h-bis-1-400-m-h-8-pa-bis-85-pa-en","9":"first","10":"instock","11":"shipping-taxable","12":"product-type-simple"},"yoast_head":"<!-- This site is optimized with the Yoast SEO plugin v27.2 - https:\/\/yoast.com\/product\/yoast-seo-wordpress\/ -->\n<title>ebm-papst tangential fans | Breuell &amp; Hilgenfeldt GmbH<\/title>\n<meta name=\"description\" content=\"Your solution specialist for ebm-papst tangential fans. Benefit from our many years of comprehensive advice. Find out more now.\" \/>\n<meta name=\"robots\" content=\"index, follow, max-snippet:-1, max-image-preview:large, max-video-preview:-1\" \/>\n<link rel=\"canonical\" href=\"https:\/\/breuell-hilgenfeldt.de\/en\/tangential-fan\/\" \/>\n<meta property=\"og:locale\" content=\"en_US\" \/>\n<meta property=\"og:type\" content=\"article\" \/>\n<meta property=\"og:title\" content=\"ebm-papst tangential fans | Breuell &amp; Hilgenfeldt GmbH\" \/>\n<meta property=\"og:description\" content=\"Your solution specialist for ebm-papst tangential fans. Benefit from our many years of comprehensive advice. Find out more now.\" \/>\n<meta property=\"og:url\" content=\"https:\/\/breuell-hilgenfeldt.de\/en\/tangential-fan\/\" \/>\n<meta property=\"og:site_name\" content=\"Breuell &amp; Hilgenfeldt GmbH\" \/>\n<meta property=\"article:modified_time\" content=\"2026-03-25T15:22:24+00:00\" \/>\n<meta property=\"og:image\" content=\"https:\/\/breuell-hilgenfeldt.de\/wp-content\/uploads\/2026\/01\/querstromventilator-ebm-papst-laengsgehaeuse.jpg\" \/>\n\t<meta property=\"og:image:width\" content=\"700\" \/>\n\t<meta property=\"og:image:height\" content=\"473\" \/>\n\t<meta property=\"og:image:type\" content=\"image\/jpeg\" \/>\n<meta name=\"twitter:card\" content=\"summary_large_image\" \/>\n<meta name=\"twitter:label1\" content=\"Est. reading time\" \/>\n\t<meta name=\"twitter:data1\" content=\"1 minute\" \/>\n<script type=\"application\/ld+json\" class=\"yoast-schema-graph\">{\"@context\":\"https:\/\/schema.org\",\"@graph\":[{\"@type\":\"WebPage\",\"@id\":\"https:\/\/breuell-hilgenfeldt.de\/en\/tangential-fan\/\",\"url\":\"https:\/\/breuell-hilgenfeldt.de\/en\/tangential-fan\/\",\"name\":\"ebm-papst tangential fans | Breuell &amp; Hilgenfeldt GmbH\",\"isPartOf\":{\"@id\":\"https:\/\/breuell-hilgenfeldt.de\/en\/#website\"},\"primaryImageOfPage\":{\"@id\":\"https:\/\/breuell-hilgenfeldt.de\/en\/tangential-fan\/#primaryimage\"},\"image\":{\"@id\":\"https:\/\/breuell-hilgenfeldt.de\/en\/tangential-fan\/#primaryimage\"},\"thumbnailUrl\":\"https:\/\/breuell-hilgenfeldt.de\/wp-content\/uploads\/2026\/01\/querstromventilator-ebm-papst-laengsgehaeuse.jpg\",\"datePublished\":\"2024-02-28T09:12:59+00:00\",\"dateModified\":\"2026-03-25T15:22:24+00:00\",\"description\":\"Your solution specialist for ebm-papst tangential fans. Benefit from our many years of comprehensive advice. Find out more now.\",\"breadcrumb\":{\"@id\":\"https:\/\/breuell-hilgenfeldt.de\/en\/tangential-fan\/#breadcrumb\"},\"inLanguage\":\"en-US\",\"potentialAction\":[{\"@type\":\"ReadAction\",\"target\":[\"https:\/\/breuell-hilgenfeldt.de\/en\/tangential-fan\/\"]}]},{\"@type\":\"ImageObject\",\"inLanguage\":\"en-US\",\"@id\":\"https:\/\/breuell-hilgenfeldt.de\/en\/tangential-fan\/#primaryimage\",\"url\":\"https:\/\/breuell-hilgenfeldt.de\/wp-content\/uploads\/2026\/01\/querstromventilator-ebm-papst-laengsgehaeuse.jpg\",\"contentUrl\":\"https:\/\/breuell-hilgenfeldt.de\/wp-content\/uploads\/2026\/01\/querstromventilator-ebm-papst-laengsgehaeuse.jpg\",\"width\":700,\"height\":473,\"caption\":\"Flacher Ventilator f\u00fcr gleichm\u00e4\u00dfige Luftverteilung\"},{\"@type\":\"BreadcrumbList\",\"@id\":\"https:\/\/breuell-hilgenfeldt.de\/en\/tangential-fan\/#breadcrumb\",\"itemListElement\":[{\"@type\":\"ListItem\",\"position\":1,\"name\":\"Startseite\",\"item\":\"https:\/\/breuell-hilgenfeldt.de\/en\/\"},{\"@type\":\"ListItem\",\"position\":2,\"name\":\"Products\",\"item\":\"https:\/\/breuell-hilgenfeldt.de\/en\/shop\/\"},{\"@type\":\"ListItem\",\"position\":3,\"name\":\"ebm-papst tangential fans\"}]},{\"@type\":\"WebSite\",\"@id\":\"https:\/\/breuell-hilgenfeldt.de\/en\/#website\",\"url\":\"https:\/\/breuell-hilgenfeldt.de\/en\/\",\"name\":\"Breuell & Hilgenfeldt GmbH\",\"description\":\"\",\"publisher\":{\"@id\":\"https:\/\/breuell-hilgenfeldt.de\/en\/#organization\"},\"alternateName\":\"B&H\",\"potentialAction\":[{\"@type\":\"SearchAction\",\"target\":{\"@type\":\"EntryPoint\",\"urlTemplate\":\"https:\/\/breuell-hilgenfeldt.de\/en\/?s={search_term_string}\"},\"query-input\":{\"@type\":\"PropertyValueSpecification\",\"valueRequired\":true,\"valueName\":\"search_term_string\"}}],\"inLanguage\":\"en-US\"},{\"@type\":\"Organization\",\"@id\":\"https:\/\/breuell-hilgenfeldt.de\/en\/#organization\",\"name\":\"Breuell & Hilgenfeldt GmbH\",\"alternateName\":\"B&H\",\"url\":\"https:\/\/breuell-hilgenfeldt.de\/en\/\",\"logo\":{\"@type\":\"ImageObject\",\"inLanguage\":\"en-US\",\"@id\":\"https:\/\/breuell-hilgenfeldt.de\/en\/#\/schema\/logo\/image\/\",\"url\":\"https:\/\/breuell-hilgenfeldt.de\/wp-content\/uploads\/2024\/02\/Logo-kompakt.png\",\"contentUrl\":\"https:\/\/breuell-hilgenfeldt.de\/wp-content\/uploads\/2024\/02\/Logo-kompakt.png\",\"width\":696,\"height\":696,\"caption\":\"Breuell & Hilgenfeldt GmbH\"},\"image\":{\"@id\":\"https:\/\/breuell-hilgenfeldt.de\/en\/#\/schema\/logo\/image\/\"}}]}<\/script>\n<!-- \/ Yoast SEO plugin. -->","yoast_head_json":{"title":"ebm-papst tangential fans | Breuell &amp; Hilgenfeldt GmbH","description":"Your solution specialist for ebm-papst tangential fans. Benefit from our many years of comprehensive advice. Find out more now.","robots":{"index":"index","follow":"follow","max-snippet":"max-snippet:-1","max-image-preview":"max-image-preview:large","max-video-preview":"max-video-preview:-1"},"canonical":"https:\/\/breuell-hilgenfeldt.de\/en\/tangential-fan\/","og_locale":"en_US","og_type":"article","og_title":"ebm-papst tangential fans | Breuell &amp; Hilgenfeldt GmbH","og_description":"Your solution specialist for ebm-papst tangential fans. Benefit from our many years of comprehensive advice. Find out more now.","og_url":"https:\/\/breuell-hilgenfeldt.de\/en\/tangential-fan\/","og_site_name":"Breuell &amp; Hilgenfeldt GmbH","article_modified_time":"2026-03-25T15:22:24+00:00","og_image":[{"width":700,"height":473,"url":"https:\/\/breuell-hilgenfeldt.de\/wp-content\/uploads\/2026\/01\/querstromventilator-ebm-papst-laengsgehaeuse.jpg","type":"image\/jpeg"}],"twitter_card":"summary_large_image","twitter_misc":{"Est. reading time":"1 minute"},"schema":{"@context":"https:\/\/schema.org","@graph":[{"@type":"WebPage","@id":"https:\/\/breuell-hilgenfeldt.de\/en\/tangential-fan\/","url":"https:\/\/breuell-hilgenfeldt.de\/en\/tangential-fan\/","name":"ebm-papst tangential fans | Breuell &amp; Hilgenfeldt GmbH","isPartOf":{"@id":"https:\/\/breuell-hilgenfeldt.de\/en\/#website"},"primaryImageOfPage":{"@id":"https:\/\/breuell-hilgenfeldt.de\/en\/tangential-fan\/#primaryimage"},"image":{"@id":"https:\/\/breuell-hilgenfeldt.de\/en\/tangential-fan\/#primaryimage"},"thumbnailUrl":"https:\/\/breuell-hilgenfeldt.de\/wp-content\/uploads\/2026\/01\/querstromventilator-ebm-papst-laengsgehaeuse.jpg","datePublished":"2024-02-28T09:12:59+00:00","dateModified":"2026-03-25T15:22:24+00:00","description":"Your solution specialist for ebm-papst tangential fans. Benefit from our many years of comprehensive advice. Find out more now.","breadcrumb":{"@id":"https:\/\/breuell-hilgenfeldt.de\/en\/tangential-fan\/#breadcrumb"},"inLanguage":"en-US","potentialAction":[{"@type":"ReadAction","target":["https:\/\/breuell-hilgenfeldt.de\/en\/tangential-fan\/"]}]},{"@type":"ImageObject","inLanguage":"en-US","@id":"https:\/\/breuell-hilgenfeldt.de\/en\/tangential-fan\/#primaryimage","url":"https:\/\/breuell-hilgenfeldt.de\/wp-content\/uploads\/2026\/01\/querstromventilator-ebm-papst-laengsgehaeuse.jpg","contentUrl":"https:\/\/breuell-hilgenfeldt.de\/wp-content\/uploads\/2026\/01\/querstromventilator-ebm-papst-laengsgehaeuse.jpg","width":700,"height":473,"caption":"Flacher Ventilator f\u00fcr gleichm\u00e4\u00dfige Luftverteilung"},{"@type":"BreadcrumbList","@id":"https:\/\/breuell-hilgenfeldt.de\/en\/tangential-fan\/#breadcrumb","itemListElement":[{"@type":"ListItem","position":1,"name":"Startseite","item":"https:\/\/breuell-hilgenfeldt.de\/en\/"},{"@type":"ListItem","position":2,"name":"Products","item":"https:\/\/breuell-hilgenfeldt.de\/en\/shop\/"},{"@type":"ListItem","position":3,"name":"ebm-papst tangential fans"}]},{"@type":"WebSite","@id":"https:\/\/breuell-hilgenfeldt.de\/en\/#website","url":"https:\/\/breuell-hilgenfeldt.de\/en\/","name":"Breuell & Hilgenfeldt GmbH","description":"","publisher":{"@id":"https:\/\/breuell-hilgenfeldt.de\/en\/#organization"},"alternateName":"B&H","potentialAction":[{"@type":"SearchAction","target":{"@type":"EntryPoint","urlTemplate":"https:\/\/breuell-hilgenfeldt.de\/en\/?s={search_term_string}"},"query-input":{"@type":"PropertyValueSpecification","valueRequired":true,"valueName":"search_term_string"}}],"inLanguage":"en-US"},{"@type":"Organization","@id":"https:\/\/breuell-hilgenfeldt.de\/en\/#organization","name":"Breuell & Hilgenfeldt GmbH","alternateName":"B&H","url":"https:\/\/breuell-hilgenfeldt.de\/en\/","logo":{"@type":"ImageObject","inLanguage":"en-US","@id":"https:\/\/breuell-hilgenfeldt.de\/en\/#\/schema\/logo\/image\/","url":"https:\/\/breuell-hilgenfeldt.de\/wp-content\/uploads\/2024\/02\/Logo-kompakt.png","contentUrl":"https:\/\/breuell-hilgenfeldt.de\/wp-content\/uploads\/2024\/02\/Logo-kompakt.png","width":696,"height":696,"caption":"Breuell & Hilgenfeldt GmbH"},"image":{"@id":"https:\/\/breuell-hilgenfeldt.de\/en\/#\/schema\/logo\/image\/"}}]}},"_links":{"self":[{"href":"https:\/\/breuell-hilgenfeldt.de\/en\/wp-json\/wp\/v2\/product\/26818","targetHints":{"allow":["GET"]}}],"collection":[{"href":"https:\/\/breuell-hilgenfeldt.de\/en\/wp-json\/wp\/v2\/product"}],"about":[{"href":"https:\/\/breuell-hilgenfeldt.de\/en\/wp-json\/wp\/v2\/types\/product"}],"version-history":[{"count":1,"href":"https:\/\/breuell-hilgenfeldt.de\/en\/wp-json\/wp\/v2\/product\/26818\/revisions"}],"predecessor-version":[{"id":36167,"href":"https:\/\/breuell-hilgenfeldt.de\/en\/wp-json\/wp\/v2\/product\/26818\/revisions\/36167"}],"wp:featuredmedia":[{"embeddable":true,"href":"https:\/\/breuell-hilgenfeldt.de\/en\/wp-json\/wp\/v2\/media\/35793"}],"wp:attachment":[{"href":"https:\/\/breuell-hilgenfeldt.de\/en\/wp-json\/wp\/v2\/media?parent=26818"}],"wp:term":[{"taxonomy":"product_brand","embeddable":true,"href":"https:\/\/breuell-hilgenfeldt.de\/en\/wp-json\/wp\/v2\/product_brand?post=26818"},{"taxonomy":"product_cat","embeddable":true,"href":"https:\/\/breuell-hilgenfeldt.de\/en\/wp-json\/wp\/v2\/product_cat?post=26818"},{"taxonomy":"product_tag","embeddable":true,"href":"https:\/\/breuell-hilgenfeldt.de\/en\/wp-json\/wp\/v2\/product_tag?post=26818"}],"curies":[{"name":"wp","href":"https:\/\/api.w.org\/{rel}","templated":true}]}}